{"id":6219,"date":"2015-09-11T13:58:55","date_gmt":"2015-09-11T12:58:55","guid":{"rendered":"http:\/\/chaire-idis.fr\/en\/?page_id=6219"},"modified":"2022-11-07T12:07:42","modified_gmt":"2022-11-07T11:07:42","slug":"partnerships","status":"publish","type":"page","link":"https:\/\/chaire-idis.fr\/en\/partnerships\/","title":{"rendered":"partnerships"},"content":{"rendered":"\n<div class=\"separateur-idis degrade-idis-alpha1\" style=\"width:;\"><\/div>\n<p>The IDIS Chair, created in 2015 by the <a href=\"http:\/\/esad-reims.fr\" target=\"_blank\" rel=\"noopener\">Esad de Reims<\/a>,\u00a0is financed by the <a href=\"http:\/\/www.alsacechampagneardennelorraine.eu\" target=\"_blank\" rel=\"noopener\">Regional council Grand Est<\/a>, the\u00a0<a href=\"http:\/\/www.culturecommunication.gouv.fr\" target=\"_blank\" rel=\"noopener\">Ministry of Culture and Communication<\/a>, and the <a href=\"http:\/\/esad-reims.fr\" target=\"_blank\" rel=\"noopener\">Public Establishment of cultural co-operation Esad de Reims<\/a>.<\/p>\n<p><img loading=\"lazy\" decoding=\"async\" class=\"logos alignnone wp-image-8725 size-thumbnail\" src=\"https:\/\/chaire-idis.fr\/wp-content\/uploads\/2021\/12\/logo-partenaires-chaire-idis-540x87.jpg\" alt=\"\" width=\"540\" height=\"87\" srcset=\"https:\/\/chaire-idis.fr\/wp-content\/uploads\/2021\/12\/logo-partenaires-chaire-idis-540x87.jpg 540w, https:\/\/chaire-idis.fr\/wp-content\/uploads\/2021\/12\/logo-partenaires-chaire-idis-900x145.jpg 900w, https:\/\/chaire-idis.fr\/wp-content\/uploads\/2021\/12\/logo-partenaires-chaire-idis-768x124.jpg 768w, https:\/\/chaire-idis.fr\/wp-content\/uploads\/2021\/12\/logo-partenaires-chaire-idis-512x83.jpg 512w, https:\/\/chaire-idis.fr\/wp-content\/uploads\/2021\/12\/logo-partenaires-chaire-idis.jpg 929w\" sizes=\"auto, (max-width: 540px) 100vw, 540px\" \/><\/p>\n<div class=\"separateur-idis degrade-idis-alpha1\" style=\"width:;\"><\/div>\n<p><strong>Academic partners<\/strong><br \/>\n<a href=\"http:\/\/www.utt.fr\/fr\/index.html\" target=\"_blank\" rel=\"noopener\">Universit\u00e9 de Technologie de Troyes (UTT)<\/a>,\u00a0<a href=\"http:\/\/techcico.utt.fr\/fr\/index.html\" target=\"_blank\" rel=\"noopener\">\u00e9quipe de recherche Tech-CICO (Technologies pour la Coop\u00e9ration, l\u2019Interaction, et les Connaissances dans les collectifs)<\/a>,\u00a0<a href=\"http:\/\/www.activageing.fr\/\">Living Lab\u00a0<\/a><span class=\"st\"><a href=\"http:\/\/www.activageing.fr\/\">Activ Ageing (LL2A)<\/a><\/span>\u00a0\u2022\u00a0<a href=\"http:\/\/www.univ-reims.fr\" target=\"_blank\" rel=\"noopener\">Universit\u00e9 de Reims Champagne-Ardenne (URCA)<\/a>\u00a0\u2022 Structure F\u00e9d\u00e9rative de Recherche en Sciences Humaines et Sociales Bachelard \u2022\u00a0<a href=\"http:\/\/www.univ-reims.fr\/universite\/comue,15943,31886.html\" target=\"_blank\" rel=\"noopener\">COMUE\u00a0<span class=\"st\"><wbr \/>Universit\u00e9 de Champagne<\/span><\/a>\u00a0\u2022\u00a0<a href=\"http:\/\/www.neoma-bs.fr\" target=\"_blank\" rel=\"noopener\">Neoma business school<\/a>\u00a0\u2022\u00a0<a href=\"http:\/\/www.univ-reims.fr\/formation\/ufr-instituts-et-ecoles\/institut-de-formation-technique-superieur-ifts\/presentation,8525,16120.html\" target=\"_blank\" rel=\"noopener\">Institut de Formation Technique Sup\u00e9rieur (IFTS) de Charleville M\u00e9zi\u00e8res<\/a>.<\/p>\n<div class=\"separateur-idis degrade-idis-alpha1\" style=\"width:35px;\"><\/div>\n<p><strong>Institutional, cultural and non-profit organization partners<\/strong><br \/>\n<a href=\"http:\/\/www.materalia.fr\" target=\"_blank\" rel=\"noopener\">Le\u00a0p\u00f4le de comp\u00e9titivit\u00e9 Mat\u00e9ralia<\/a>, <a href=\"http:\/\/www.id-champagne-ardenne.fr\" target=\"_blank\" rel=\"noopener\">ID Champagne-Ardenne<\/a>, the\u00a0<a href=\"http:\/\/www.reims.cci.fr\" target=\"_blank\" rel=\"noopener\">Chambre du Commerce et de l&#8217;Industrie (CCI) Reims-Epernay et Charleville M\u00e9zi\u00e8res<\/a>, <a href=\"http:\/\/www.inpi.fr\/fr\/l-inpi\/decouvrir-l-inpi\/ou-nous-trouver\/l-inpi-en-region\/champagne-ardenne.html\">Institut National de la Propri\u00e9t\u00e9 Industrielle (INPI)<\/a>,<a href=\"http:\/\/www.institut-metiersdart.org\" target=\"_blank\" rel=\"noopener\"> Institut National des M\u00e9tiers d&#8217;Arts (INMA)<\/a>, the\u00a0<a href=\"http:\/\/www.metal51.org\/\">Union des Industries et M\u00e9tiers de la M\u00e9tallurgie (UIMM)<\/a>, <a href=\"http:\/\/www.foyer-remois.fr\" target=\"_blank\" rel=\"noopener\">le\u00a0Foyer R\u00e9mois<\/a>, <a href=\"http:\/\/www.textile-technique.com\" target=\"_blank\" rel=\"noopener\">Club Textile Int\u00e9gral<\/a>, the\u00a0<a href=\"http:\/\/www.iar-pole.com\" target=\"_blank\" rel=\"noopener\">p\u00f4le de comp\u00e9titivit\u00e9 Industries &amp; Agro-Ressources (IAR)<\/a>, <a href=\"http:\/\/www.batlab.fr\/\">CoDEM \u2013 Le BATLAB<\/a>, the\u00a0<a href=\"http:\/\/www.compagnons-du-devoir.com\" target=\"_blank\" rel=\"noopener\">Compagnons du Devoir<\/a>, the <a href=\"http:\/\/www.institut-couverture.com\" target=\"_blank\" rel=\"noopener\">Institut Sup\u00e9rieur de la Couverture<\/a>, <a href=\"http:\/\/www.parisdesignweek.fr\" target=\"_blank\" rel=\"noopener\">Paris Design Week<\/a>, <a href=\"http:\/\/www.jardinsjardin.com\" target=\"_blank\" rel=\"noopener\">Jardins Jardin<\/a>, \u00a0the\u00a0non-profit organization <a href=\"http:\/\/www.eurafecam.org\/Lire_Aussi\/LA_Presentation.htm\" target=\"_blank\" rel=\"noopener\"><em>Lire Aussi<\/em><\/a>.<a href=\"http:\/\/www.iar-pole.com\" target=\"_blank\" rel=\"noopener\">P\u00f4le IAR, P\u00f4le de comp\u00e9titivit\u00e9 Industries &amp; Agro-Ressources,<\/a>\u00a0<a href=\"http:\/\/www.f-r-d.fr\" target=\"_blank\" rel=\"noopener\">FRD, Fibres Recherche D\u00e9veloppement.<\/a><\/p>\n<div class=\"separateur-idis degrade-idis-alpha1\" style=\"width:35px;\"><\/div>\n<p><strong>Business partners and private sponsors<\/strong><br \/>\n<a href=\"http:\/\/www.ardennes-design-industries.com\" target=\"_blank\" rel=\"noopener\">Ardennes Design Industries (ADI)<\/a>, <a href=\"http:\/\/www.agencia-design.com\" target=\"_blank\" rel=\"noopener\">Agencia<\/a>, <a href=\"http:\/\/www.aldem.fr\" target=\"_blank\" rel=\"noopener\">Aldem<\/a>, Bana, <a href=\"https:\/\/www.bricomarche.com\" target=\"_blank\" rel=\"noopener\">Bricomarch\u00e9<\/a>, <a href=\"http:\/\/www.carpet-systeme.fr\" target=\"_blank\" rel=\"noopener\">Carpet&#8217;s Syst\u00e8me<\/a>, <a href=\"http:\/\/www.fabrimeuble.com\" target=\"_blank\" rel=\"noopener\">Fabrimeuble<\/a>, <a href=\"http:\/\/www.fonderie-rollinger.com\" target=\"_blank\" rel=\"noopener\">Fonderie Rollinger<\/a>, <a href=\"http:\/\/www.fonderie-design.com\" target=\"_blank\" rel=\"noopener\">Fonderie Rocroyenne d&#8217;Aluminium<\/a>, <a href=\"http:\/\/www.oxygenedesign.fr\" target=\"_blank\" rel=\"noopener\">Oxyg\u00e8ne &amp; Design<\/a>, Sartech Packaging, <a href=\"http:\/\/www.sopaicimprimerie.com\" target=\"_blank\" rel=\"noopener\">Sopaic Imprimerie<\/a>, <a href=\"http:\/\/www.eco-technilin.com\" target=\"_blank\" rel=\"noopener\">EcoTechnilin<\/a>.<\/p>\n<div class=\"separateur-idis degrade-idis-alpha1\" style=\"width:;\"><\/div>\n<p>Become a <strong>partner<\/strong> by submitting your projects.<br \/>\n<a href=\"mailto:chaireidis@esad-reims.fr\">contact-us<\/a><\/p>\n<div class=\"separateur-idis degrade-idis-alpha1\" style=\"width:;\"><\/div>\n<p>Become a <strong>patron<\/strong> and allow us to develop.<br \/>\n<a href=\"http:\/\/chaire-idis.fr\/wp-content\/uploads\/2015\/06\/m\u00e9c\u00e9nat.pdf\" target=\"_blank\" rel=\"noopener\">terms of the sponsorship (fr)\u00a0<\/a>\u00a0|\u00a0<a href=\"mailto:eric.BALICKI@mairie-reims.fr\">contact-us<\/a><\/p>\n<p>&nbsp;<\/p>\n","protected":false},"excerpt":{"rendered":"<p>The IDIS Chair, created in 2015 by the Esad de Reims,\u00a0is financed by the Regional council Grand Est, the\u00a0Ministry of Culture and Communication, and the Public Establishment of cultural co-operation Esad de Reims. Academic partners Universit\u00e9 de Technologie de Troyes (UTT),\u00a0\u00e9quipe de recherche Tech-CICO (Technologies pour la Coop\u00e9ration, l\u2019Interaction, et les Connaissances dans les collectifs),\u00a0Living &hellip; <a href=\"https:\/\/chaire-idis.fr\/en\/partnerships\/\" class=\"more-link\">Continue reading <span class=\"screen-reader-text\">partnerships<\/span> <span class=\"meta-nav\">&rarr;<\/span><\/a><\/p>\n","protected":false},"author":2,"featured_media":0,"parent":0,"menu_order":8,"comment_status":"open","ping_status":"open","template":"page-partenaire.php","meta":{"_acf_changed":false,"footnotes":""},"class_list":["post-6219","page","type-page","status-publish","hentry"],"acf":[],"_links":{"self":[{"href":"https:\/\/chaire-idis.fr\/en\/wp-json\/wp\/v2\/pages\/6219","targetHints":{"allow":["GET"]}}],"collection":[{"href":"https:\/\/chaire-idis.fr\/en\/wp-json\/wp\/v2\/pages"}],"about":[{"href":"https:\/\/chaire-idis.fr\/en\/wp-json\/wp\/v2\/types\/page"}],"author":[{"embeddable":true,"href":"https:\/\/chaire-idis.fr\/en\/wp-json\/wp\/v2\/users\/2"}],"replies":[{"embeddable":true,"href":"https:\/\/chaire-idis.fr\/en\/wp-json\/wp\/v2\/comments?post=6219"}],"version-history":[{"count":14,"href":"https:\/\/chaire-idis.fr\/en\/wp-json\/wp\/v2\/pages\/6219\/revisions"}],"predecessor-version":[{"id":8985,"href":"https:\/\/chaire-idis.fr\/en\/wp-json\/wp\/v2\/pages\/6219\/revisions\/8985"}],"wp:attachment":[{"href":"https:\/\/chaire-idis.fr\/en\/wp-json\/wp\/v2\/media?parent=6219"}],"curies":[{"name":"wp","href":"https:\/\/api.w.org\/{rel}","templated":true}]}}