{"id":6292,"date":"2015-09-28T19:35:43","date_gmt":"2015-09-28T18:35:43","guid":{"rendered":"http:\/\/chaire-idis.fr\/en\/?page_id=6292"},"modified":"2016-11-24T21:40:25","modified_gmt":"2016-11-24T20:40:25","slug":"collaboration","status":"publish","type":"page","link":"https:\/\/chaire-idis.fr\/en\/projects\/collaboration\/","title":{"rendered":"Collaboration"},"content":{"rendered":"<div id=\"new-royalslider-2\" class=\"royalSlider new-royalslider-2 rsDefaultInv visibleNearbySimple\" style=\"width:100%;;\" data-rs-options='{&quot;template&quot;:&quot;default&quot;,&quot;image_generation&quot;:{&quot;imageWidth&quot;:&quot;&quot;,&quot;imageHeight&quot;:&quot;&quot;,&quot;thumbImageWidth&quot;:&quot;&quot;,&quot;thumbImageHeight&quot;:&quot;&quot;},&quot;thumbs&quot;:{&quot;thumbWidth&quot;:96,&quot;thumbHeight&quot;:72},&quot;autoPlay&quot;:{&quot;enabled&quot;:&quot;true&quot;,&quot;delay&quot;:3000},&quot;visibleNearby&quot;:{&quot;enabled&quot;:&quot;true&quot;,&quot;centerArea&quot;:0.65,&quot;breakpoint&quot;:600,&quot;breakpointCenterArea&quot;:1},&quot;video&quot;:{&quot;autoHideBlocks&quot;:&quot;true&quot;},&quot;block&quot;:{&quot;moveOffset&quot;:20,&quot;speed&quot;:400,&quot;delay&quot;:200},&quot;width&quot;:&quot;100%&quot;,&quot;height&quot;:&quot;&quot;,&quot;autoScaleSlider&quot;:&quot;true&quot;,&quot;autoScaleSliderWidth&quot;:463,&quot;autoScaleSliderHeight&quot;:214,&quot;slidesSpacing&quot;:5,&quot;imageScaleMode&quot;:&quot;fit&quot;,&quot;imageScalePadding&quot;:0,&quot;arrowsNavHideOnTouch&quot;:&quot;true&quot;,&quot;loop&quot;:&quot;true&quot;,&quot;keyboardNavEnabled&quot;:&quot;true&quot;,&quot;navigateByClick&quot;:&quot;false&quot;,&quot;fadeinLoadedSlide&quot;:&quot;false&quot;,&quot;controlsInside&quot;:&quot;false&quot;,&quot;addActiveClass&quot;:&quot;true&quot;}'>\n<div class=\"rsContent\">\n  <img decoding=\"async\" class=\"rsImg\" src=\"https:\/\/chaire-idis.fr\/wp-content\/uploads\/2015\/10\/chaire-idis-projets-collaboration-adi-theo-leclercq2-1080x764.jpg\" alt=\"1080x764-exemple\"\/><\/p>\n<div class=\"rsSBlock ui-draggable-handle\" style=\"width: auto; height: auto; left: 0px; top: 0px; right: 0px; bottom: 0px;\"><span class=\"text-content degrade-idis-alpha2\"><span><br \/>\n  <!-- TITRE  --><\/p>\n<h3>CHARLOTTE<\/h3>\n<p>  <!-- AUTEUR --><\/p>\n<h4>Th\u00e9o Leclercq<\/h4>\n<p>  <!-- PARTENAIRE --><\/p>\n<h4>FABRIMEUBLE, ALDEM, FONDERIE ROCROYENNE D\u2019ALUMINIUM<\/h4>\n<div class=\"separateur-idis blanc\"><\/div>\n<p>  <!-- DESCRIPTION --><\/p>\n<div class=\"texte\">A partir d\u2019un pied en fonte (Fonderie Rocroyenne d\u2019Aluminium), de trois pi\u00e8ces de t\u00f4le perfor\u00e9e pli\u00e9e (Aldem) et de diff\u00e9rentes tailles et natures de planches, ce mobilier constitue un syst\u00e8me ouvrant une multitude de d\u00e9clinaisons, comme ces deux collections propos\u00e9es \u00e0 partir des m\u00eames objets : l\u2019une plus color\u00e9e, plus r\u00e9f\u00e9renc\u00e9e, et l\u2019autre plus neutre, plus contemporaine.\n<\/div>\n<p><\/span><\/span><\/div>\n<\/div>\n<div class=\"rsContent\">\n  <img decoding=\"async\" class=\"rsImg\" src=\"https:\/\/chaire-idis.fr\/wp-content\/uploads\/2015\/10\/chaire-idis-projets-collaboration-adi-theo-leclercq-21-1080x764.jpg\" alt=\"1080x764-exemple\"\/><\/p>\n<div class=\"rsSBlock ui-draggable-handle\" style=\"width: auto; height: auto; left: 0px; top: 0px; right: 0px; bottom: 0px;\"><span class=\"text-content degrade-idis-alpha2\"><span><br \/>\n  <!-- TITRE  --><\/p>\n<h3>CHARLOTTE<\/h3>\n<p>  <!-- AUTEUR --><\/p>\n<h4>Th\u00e9o Leclercq<\/h4>\n<p>  <!-- PARTENAIRE --><\/p>\n<h4>FABRIMEUBLE, ALDEM, FONDERIE ROCROYENNE D\u2019ALUMINIUM<\/h4>\n<div class=\"separateur-idis blanc\"><\/div>\n<p>  <!-- DESCRIPTION --><\/p>\n<div class=\"texte\">Gr\u00e2ce \u00e0 des inserts filet\u00e9s au sein des planches (Fabrimeuble), l\u2019assemblage se fait facilement avec des vis \u00e0 six pans creux. Ces inserts permettent notamment au mobilier d\u2019\u00eatre d\u00e9montable sans abimer le bois. Les portes en PMMA fum\u00e9 sont usin\u00e9es dans la tranche pour coulisser simplement sur un plat d\u2019acier, thermolaqu\u00e9 de la couleur de la t\u00f4le, enfonc\u00e9 dans le rainurage du bois.\n<\/div>\n<p><\/span><\/span><\/div>\n<\/div>\n<div class=\"rsContent\">\n  <img decoding=\"async\" class=\"rsImg\" src=\"https:\/\/chaire-idis.fr\/wp-content\/uploads\/2015\/09\/1080x764-exemple-1080x764.jpg\" alt=\"1080x764-exemple\"\/><\/p>\n<div class=\"rsSBlock ui-draggable-handle\" style=\"width: auto; height: auto; left: 0px; top: 0px; right: 0px; bottom: 0px;\"><span class=\"text-content degrade-idis-alpha2\"><span><br \/>\n  <!-- TITRE --><\/p>\n<h3>COLM\u00c9IA<\/h3>\n<p>  <!-- AUTEUR --><\/p>\n<h4>Tania Cl\u00e9mente<\/h4>\n<p>  <!-- PARTENAIRE --><\/p>\n<h4>FABRIMEUBLE ET ALDEM<\/h4>\n<p>  <!-- DESCRIPTION --><\/p>\n<div class=\"separateur-idis blanc\"><\/div>\n<div class=\"texte\">Cet objet valorise les process du folding, d\u00e9velopp\u00e9s par l\u2019entreprise Fabrimeuble, et de la d\u00e9coupe laser pratiqu\u00e9e par l\u2019entreprise Aldem.<br \/>\nLa rencontre de ces deux techniques renouvelle l\u2019outillage de fraisage actuellement utilis\u00e9 par Fabrimeuble. Ainsi, un seul changement d\u2019outils permet de cr\u00e9er une forme d\u00e9clinable en de nombreux \u00e9l\u00e9ments de mobilier.<br \/>\nLa plaque de m\u00e9tal ins\u00e9r\u00e9e directement pendant la phase de folding, gr\u00e2ce \u00e0 des rainures dans le bois, apporte diff\u00e9rentes fonctions ne n\u00e9cessitant aucune visserie tout en solidifiant l\u2019ensemble.\n<\/div>\n<p><\/span><\/span><\/div>\n<\/div>\n<div class=\"rsContent\">\n  <img decoding=\"async\" class=\"rsImg\" src=\"https:\/\/chaire-idis.fr\/wp-content\/uploads\/2015\/10\/chaire-idis-projets-collaboration-adi-tania-clemente3-1080x764.jpg\" alt=\"1080x764-exemple\"\/><\/p>\n<div class=\"rsSBlock ui-draggable-handle\" style=\"width: auto; height: auto; left: 0px; top: 0px; right: 0px; bottom: 0px;\"><span class=\"text-content degrade-idis-alpha2\"><span><\/p>\n<h3>COLM\u00c9IA<\/h3>\n<h4>Tania Cl\u00e9mente<\/h4>\n<h4>FABRIMEUBLE ET ALDEM<\/h4>\n<div class=\"separateur-idis blanc\"><\/div>\n<div class=\"texte\">Gr\u00e2ce \u00e0 leur forme hexagonale, les objets peuvent \u00eatre facilement associ\u00e9s afin de cr\u00e9er diff\u00e9rentes compositions allant du petit meuble d\u2019appoint \u00e0 l\u2019\u00e9l\u00e9ment mural.<\/div>\n<p>  <\/span><\/span><\/div>\n<\/div>\n<div class=\"rsContent\">\n  <img decoding=\"async\" class=\"rsImg\" src=\"https:\/\/chaire-idis.fr\/wp-content\/uploads\/2015\/10\/chaire-idis-projets-collaboration-adi-clement-chevelt7-1080x764.jpg\" alt=\"1080x764-exemple\"\/><\/p>\n<div class=\"rsSBlock ui-draggable-handle\" style=\"width: auto; height: auto; left: 0px; top: 0px; right: 0px; bottom: 0px;\"><span class=\"text-content degrade-idis-alpha2\"><span><\/p>\n<h3>MIROIR NO\u00c9<\/h3>\n<h4>Cl\u00e9ment Chevelt<\/h4>\n<h4>BANA, FABRIMEUBLE, OXYG\u00c8NE & DESIGN<\/h4>\n<div class=\"separateur-idis blanc\"><\/div>\n<div class=\"texte\">No\u00e9 est un miroir compos\u00e9 d\u2019un socle en b\u00e9ton (Bana) et d\u2019une structure en bois (Fabrimeuble).<br \/>\nCet objet associe la fonctionnalit\u00e9 du valet et de la psych\u00e9. L\u2019int\u00e9rieur de la forme permet de dissimuler veste, serviette ou chapeau, gr\u00e2ce \u00e0 deux pat\u00e8res et une petite tablette.\n<\/div>\n<p>  <\/span><\/span><\/div>\n<\/div>\n<div class=\"rsContent\">\n  <img decoding=\"async\" class=\"rsImg\" src=\"https:\/\/chaire-idis.fr\/wp-content\/uploads\/2015\/10\/chaire-idis-projets-collaboration-adi-camille-viallet-52-1080x764.jpg\" alt=\"1080x764-exemple\"\/><\/p>\n<div class=\"rsSBlock ui-draggable-handle\" style=\"width: auto; height: auto; left: 0px; top: 0px; right: 0px; bottom: 0px;\"><span class=\"text-content degrade-idis-alpha2\"><span><br \/>\n  <!-- TITRE  --><\/p>\n<h3>ASSISE H\u00c9ION<\/h3>\n<p>  <!-- AUTEUR --><\/p>\n<h4>Camille Viallet<\/h4>\n<p>  <!-- PARTENAIRE --><\/p>\n<h4>FABRIMEUBLE, ALDEM, OXYG\u00c8NE & DESIGN<\/h4>\n<div class=\"separateur-idis blanc\"><\/div>\n<p>  <!-- DESCRIPTION --><\/p>\n<div class=\"texte\">L\u2019assise est constitu\u00e9e de deux arches en bois (Fabrimeuble) reli\u00e9es par une t\u00f4le perfor\u00e9e (Aldem) et recouverte d\u2019un textile rembourr\u00e9 (Oxyg\u00e8ne & Design). Le matelas peut se d\u00e9plier afin de proposer une autre typologie d\u2019assise, positionnant l\u2019objet entre le futon et l\u2019ottoman. Les modes d\u2019assemblage entre les diff\u00e9rents \u00e9l\u00e9ments restent assez rudimentaires afin de faciliter la manipulation.<br \/>\nEnfin, un aimant est int\u00e9gr\u00e9 au textile rembourr\u00e9, ce qui lui permet de bien \u00e9pouser la forme de l\u2019arche.\n<\/div>\n<p><\/span><\/span><\/div>\n<\/div>\n<div class=\"rsContent\">\n  <img decoding=\"async\" class=\"rsImg\" src=\"https:\/\/chaire-idis.fr\/wp-content\/uploads\/2015\/10\/chaire-idis-projets-collaboration-adi-laura-portarrieu-23-1080x764.jpg\" alt=\"1080x764-exemple\"\/><\/p>\n<div class=\"rsSBlock ui-draggable-handle\" style=\"width: auto; height: auto; left: 0px; top: 0px; right: 0px; bottom: 0px;\"><span class=\"text-content degrade-idis-alpha2\"><span><br \/>\n  <!-- TITRE  --><\/p>\n<h3>PUPITRE<\/h3>\n<p>  <!-- AUTEUR --><\/p>\n<h4>Laura Portarrieu<\/h4>\n<p>  <!-- PARTENAIRE --><\/p>\n<h4>ALDEM et BANA<\/h4>\n<div class=\"separateur-idis blanc\"><\/div>\n<p>  <!-- DESCRIPTION --><\/p>\n<div class=\"texte\">Pupitre est un jeu d\u2019\u00e9quilibre entre une base b\u00e9ton, produite par Bana, et une surface en t\u00f4le, issue des ateliers d\u2019Aldem. Il s\u2019agit d\u2019une mise en relation entre deux mat\u00e9riaux aux propri\u00e9t\u00e9s dissemblables, un assemblage contrast\u00e9 qui s\u2019harmonise \u00e0 travers la forme.<br \/>\nLa particularit\u00e9 de ce pupitre est de pouvoir supporter un Ipad et d\u2019\u00eatre recharg\u00e9 \u00e0 l\u2019aide d\u2019un chargeur \u00e0 induction dissimul\u00e9 dans la base. L\u2019association des deux mat\u00e9riaux est un jeu d\u2019\u00e9quilibre \u00e0 la fois dans sa confection et son assemblage, mais \u00e9galement dans son esth\u00e9tique et la mani\u00e8re dont il re\u00e7oit l\u2019Ipad.\n<\/div>\n<p><\/span><\/span><\/div>\n<\/div>\n<div class=\"rsContent\">\n  <img decoding=\"async\" class=\"rsImg\" src=\"https:\/\/chaire-idis.fr\/wp-content\/uploads\/2015\/10\/chaire-idis-projets-collaboration-adi-Yoann-Moyeuvre2-1080x764.jpg\" alt=\"1080x764-exemple\"\/><\/p>\n<div class=\"rsSBlock ui-draggable-handle\" style=\"width: auto; height: auto; left: 0px; top: 0px; right: 0px; bottom: 0px;\"><span class=\"text-content degrade-idis-alpha2\"><span><br \/>\n  <!-- TITRE  --><\/p>\n<h3>COEUR DE FUSION<\/h3>\n<p>  <!-- AUTEUR --><\/p>\n<h4>Yoann Moyeuvre<\/h4>\n<p>  <!-- PARTENAIRE --><\/p>\n<h4>ALDEM ET FONDERIE ROLLINGER<\/h4>\n<div class=\"separateur-idis blanc\"><\/div>\n<p>  <!-- DESCRIPTION --><\/p>\n<div class=\"texte\">C\u0153ur de fusion est une lanterne compos\u00e9e d\u2019un tube d\u2019aluminium d\u00e9coup\u00e9 au laser par Aldem et d\u2019une base en fonte (Fonderie Rollinger). Ces deux pi\u00e8ces s\u2019emboitent l\u2019une dans l\u2019autre afin de composer un objet qui marie ainsi deux techniques de fa\u00e7onnage du m\u00e9tal.<br \/>\nCette lanterne est un objet symbolique illustrant la rencontre d\u2019une technique ancestrale qui demande de longues heures de pr\u00e9paration, et une technique actuelle, num\u00e9rique, de grande pr\u00e9cision.\n<\/div>\n<p><\/span><\/span><\/div>\n<\/div>\n<div class=\"rsContent\">\n  <img decoding=\"async\" class=\"rsImg\" src=\"https:\/\/chaire-idis.fr\/wp-content\/uploads\/2015\/10\/chaire-idis-projets-collaboration-adi-xian-zhuang3-1080x764.jpg\" alt=\"1080x764-exemple\"\/><\/p>\n<div class=\"rsSBlock ui-draggable-handle\" style=\"width: auto; height: auto; left: 0px; top: 0px; right: 0px; bottom: 0px;\"><span class=\"text-content degrade-idis-alpha2\"><span><br \/>\n  <!-- TITRE  --><\/p>\n<h3>BEC +<\/h3>\n<p>  <!-- AUTEUR --><\/p>\n<h4>Xian Zhuang<\/h4>\n<p>  <!-- PARTENAIRE --><\/p>\n<h4>ALDEM ET FONDERIE ROCROYENNE D\u2019ALUMINIUM<\/h4>\n<div class=\"separateur-idis blanc\"><\/div>\n<p>  <!-- DESCRIPTION --><\/p>\n<div class=\"texte\">Ce vase est dessin\u00e9 avec un double bec ajout\u00e9 qui facilite le changement de l\u2019eau sans avoir \u00e0 sortir les fleurs. Il est con\u00e7u par la Fonderie Rocroyenne d\u2019Aluminium, avec le souci d\u2019\u00eatre \u00e0 la fois stable et l\u00e9ger.<br \/>\nLes quatre supports en aluminium sont d\u00e9coup\u00e9s au laser par Aldem. Ils cr\u00e9ent diff\u00e9rents sc\u00e9narios paysagers, encadrant la fleur comme une fen\u00eatre, une niche, un pont ou encore une simple base.<br \/>\nLe tampon en feutre au-dessous du vase permet d\u2019\u00e9viter le bruit et prot\u00e8ge les objets.\n<\/div>\n<p><\/span><\/span><\/div>\n<\/div>\n<div class=\"rsContent\">\n  <img decoding=\"async\" class=\"rsImg\" src=\"https:\/\/chaire-idis.fr\/wp-content\/uploads\/2015\/10\/chaire-idis-projets-collaboration-adi-pauline-lebel-24-1080x764.jpg\" alt=\"1080x764-exemple\"\/><\/p>\n<div class=\"rsSBlock ui-draggable-handle\" style=\"width: auto; height: auto; left: 0px; top: 0px; right: 0px; bottom: 0px;\"><span class=\"text-content degrade-idis-alpha2\"><span><br \/>\n  <!-- TITRE  --><\/p>\n<h3>VASES<\/h3>\n<p>  <!-- AUTEUR --><\/p>\n<h4>Pauline Lebel<\/h4>\n<p>  <!-- PARTENAIRE --><\/p>\n<h4>FONDERIE ROLLINGER ET BANA<\/h4>\n<div class=\"separateur-idis blanc\"><\/div>\n<p>  <!-- DESCRIPTION --><\/p>\n<div class=\"texte\">Pour ces vases, j\u2019ai souhait\u00e9 mettre en jeu les grilles d\u2019a\u00e9ration cr\u00e9\u00e9es par la fonderie Rollinger en leur donnant une autre fonction. Bascul\u00e9es \u00e0 l\u2019horizontale, elles offrent des trames perfor\u00e9es qui permettent de placer des fleurs. Le socle en b\u00e9ton (produit par l\u2019entreprise Bana), permet de contenir l\u2019eau et de maintenir la pi\u00e8ce de fonderie par des tiges m\u00e9talliques. La grille est pass\u00e9e d\u2019une forme plate \u00e0 une forme courbe pour venir \u00e9pouser et maintenir les fleurs qui y sont plac\u00e9es.<\/p>\n<\/div>\n<p><\/span><\/span><\/div>\n<\/div>\n<div class=\"rsContent\">\n  <img decoding=\"async\" class=\"rsImg\" src=\"https:\/\/chaire-idis.fr\/wp-content\/uploads\/2015\/10\/chaire-idis-projets-collaboration-adi-pauline-lebel-1080x764.jpg\" alt=\"1080x764-exemple\"\/><\/p>\n<div class=\"rsSBlock ui-draggable-handle\" style=\"width: auto; height: auto; left: 0px; top: 0px; right: 0px; bottom: 0px;\"><span class=\"text-content degrade-idis-alpha2\"><span><br \/>\n  <!-- TITRE  --><\/p>\n<h3>VASES<\/h3>\n<p>  <!-- AUTEUR --><\/p>\n<h4>Pauline Lebel<\/h4>\n<p>  <!-- PARTENAIRE --><\/p>\n<h4>FONDERIE ROLLINGER ET BANA<\/h4>\n<div class=\"separateur-idis blanc\"><\/div>\n<p>  <!-- DESCRIPTION --><\/p>\n<div class=\"texte\">Le vase est d\u00e9clin\u00e9 en diff\u00e9rentes versions : un soliflore, un vase large et un haut adapt\u00e9 aux bouquets, un vase tr\u00e8s grand \u00e0 poser au sol\u2026 Diff\u00e9rents dessins et graphismes pour les pi\u00e8ces en fonte ont \u00e9t\u00e9 travaill\u00e9s : inspiration baroque, ondes aquatiques, lignes droites et anguleuses. Toutes ses trames permettent de structurer le bouquet de nouvelles mani\u00e8res.\n<\/div>\n<p><\/span><\/span><\/div>\n<\/div>\n<div class=\"rsContent\">\n  <img decoding=\"async\" class=\"rsImg\" src=\"https:\/\/chaire-idis.fr\/wp-content\/uploads\/2015\/10\/chaire-idis-projets-collaboration-adi-audrey-bigouin-2-1080x764.jpg\" alt=\"1080x764\"\/><\/p>\n<div class=\"rsSBlock ui-draggable-handle\" style=\"width: auto; height: auto; left: 0px; top: 0px; right: 0px; bottom: 0px;\"><span class=\"text-content degrade-idis-alpha2\"><span><br \/>\n  <!-- TITRE  --><\/p>\n<h3>Skirtbag<\/h3>\n<p>  <!-- AUTEUR --><\/p>\n<h4>Audrey Bigouin<\/h4>\n<p>  <!-- PARTENAIRE --><\/p>\n<h4>OXYG\u00c8NE & DESIGN ET CARPET\u2019 SYST\u00c8ME<\/h4>\n<div class=\"separateur-idis blanc\"><\/div>\n<p>  <!-- DESCRIPTION --><\/p>\n<div class=\"texte\">Skirtbag est une collection de sacs pliss\u00e9es. Construit autour d\u2019une sangle, le textile se structure et permet de cr\u00e9er trois volumes de sacs \u00e0 usage diff\u00e9rent: une pochette, un porte document et un cabas.<br \/>\nLa collection joue sur l\u2019association d\u2019une pi\u00e8ce en tissus et d\u2019une sangle en linol\u00e9um issus des chutes produites par l\u2019entreprise Carpet\u2019 syst\u00e8me. Int\u00e9gr\u00e9es au savoir-faire de la confection textile de la soci\u00e9t\u00e9 Oxyg\u00e8ne & Design, ces chutes sont revaloris\u00e9es et sont utilis\u00e9es pour leur rigidit\u00e9.\n<\/div>\n<p><\/span><\/span><\/div>\n<\/div>\n<div class=\"rsContent\">\n  <img decoding=\"async\" class=\"rsImg\" src=\"https:\/\/chaire-idis.fr\/wp-content\/uploads\/2015\/10\/chaire-idis-projets-collaboration-adi-Marie-legentil2-1080x764.jpg\" alt=\"1080x764-exemple\"\/><\/p>\n<div class=\"rsSBlock ui-draggable-handle\" style=\"width: auto; height: auto; left: 0px; top: 0px; right: 0px; bottom: 0px;\"><span class=\"text-content degrade-idis-alpha2\"><span><br \/>\n  <!-- TITRE  --><\/p>\n<h3>LA NAVETTE CHAMPENOISE<\/h3>\n<p>  <!-- AUTEUR --><\/p>\n<h4>Marie Legentil<\/h4>\n<p>  <!-- PARTENAIRE --><\/p>\n<h4>OXYG\u00c8NE & DESIGN ET CARPET\u2019 SYST\u00c8ME<\/h4>\n<div class=\"separateur-idis blanc\"><\/div>\n<p>  <!-- DESCRIPTION --><\/p>\n<div class=\"texte\">Ce produit consiste \u00e0 anoblir le feutre recycl\u00e9, utilis\u00e9 par Carpet\u2019 Syst\u00e8me, par le savoir-faire du matelassage d\u00e9velopp\u00e9 par l\u2019entreprise Oxyg\u00e8ne & Design. La succession de passages de fil permet d\u2019assouplir le mat\u00e9riau et de g\u00e9n\u00e9rer ainsi les zones de pli. Le motif obtenu est issu directement de la mise en forme du volume de l\u2019objet. Les propri\u00e9t\u00e9s isolantes du feutre sont \u00e9galement exploit\u00e9es en proposant une gamme de produits pour conserver les boissons fra\u00eeches.\n<\/div>\n<p><\/span><\/span><\/div>\n<\/div>\n<\/div>\n","protected":false},"excerpt":{"rendered":"","protected":false},"author":2,"featured_media":6747,"parent":6245,"menu_order":14,"comment_status":"closed","ping_status":"closed","template":"page-projet.php","meta":{"_acf_changed":false,"footnotes":""},"class_list":["post-6292","page","type-page","status-publish","has-post-thumbnail","hentry"],"acf":[],"_links":{"self":[{"href":"https:\/\/chaire-idis.fr\/en\/wp-json\/wp\/v2\/pages\/6292","targetHints":{"allow":["GET"]}}],"collection":[{"href":"https:\/\/chaire-idis.fr\/en\/wp-json\/wp\/v2\/pages"}],"about":[{"href":"https:\/\/chaire-idis.fr\/en\/wp-json\/wp\/v2\/types\/page"}],"author":[{"embeddable":true,"href":"https:\/\/chaire-idis.fr\/en\/wp-json\/wp\/v2\/users\/2"}],"replies":[{"embeddable":true,"href":"https:\/\/chaire-idis.fr\/en\/wp-json\/wp\/v2\/comments?post=6292"}],"version-history":[{"count":18,"href":"https:\/\/chaire-idis.fr\/en\/wp-json\/wp\/v2\/pages\/6292\/revisions"}],"predecessor-version":[{"id":6638,"href":"https:\/\/chaire-idis.fr\/en\/wp-json\/wp\/v2\/pages\/6292\/revisions\/6638"}],"up":[{"embeddable":true,"href":"https:\/\/chaire-idis.fr\/en\/wp-json\/wp\/v2\/pages\/6245"}],"wp:featuredmedia":[{"embeddable":true,"href":"https:\/\/chaire-idis.fr\/en\/wp-json\/wp\/v2\/media\/6747"}],"wp:attachment":[{"href":"https:\/\/chaire-idis.fr\/en\/wp-json\/wp\/v2\/media?parent=6292"}],"curies":[{"name":"wp","href":"https:\/\/api.w.org\/{rel}","templated":true}]}}