{"id":6588,"date":"2016-02-26T13:25:53","date_gmt":"2016-02-26T12:25:53","guid":{"rendered":"http:\/\/chaire-idis.fr\/en\/?page_id=6588"},"modified":"2016-11-21T11:10:09","modified_gmt":"2016-11-21T10:10:09","slug":"utt","status":"publish","type":"page","link":"https:\/\/chaire-idis.fr\/en\/utt\/","title":{"rendered":"UTT"},"content":{"rendered":"<p>Research, training and the transmission of technology are three missions of the Universit\u00e9 Technologique de Troyes (<span class=\"smallcap sans-espace\">UTT<\/span>). Together with the Universit\u00e9s de Technologie de Compi\u00e8gne (<span class=\"smallcap sans-espace\">UTC<\/span>) and Belfort-Montb\u00e9liard (<span class=\"smallcap sans-espace\">UTBM<\/span>), the <span class=\"smallcap \">UTT<\/span> forms the network of French Universities of Technology. This model of training for engineers is fuelled by scientific research, linked to the industrial world and internationally active. The research of the <span class=\"smallcap \">UTT<\/span>, organised in the Institut Charles Delaunay (<span class=\"smallcap sans-espace\">ICD<\/span>), is strongly focused on the Sciences et Technologies pour la Maitrise des Risques (<span class=\"smallcap &#8221;sans-espace&#8221;\">STMR<\/span>, Science and Technology for Risk Assessment). The <span class=\"smallcap \">ICD-UMR 6281<\/span> created in joint supervision with the <span class=\"smallcap \">CNRS<\/span> since 1<sup>st<\/sup> January 2014- brings together all participants in research in the <span class=\"smallcap \">UTT<\/span>.<\/p>\n<p><a href=\"maito:communication@utt.fr\" target=\"_blank\">communication@utt.fr\u00a0<\/a>|\u00a0<a href=\"http:\/\/www.utt.fr\/\" target=\"_blank\">www.utt.fr<\/a><br \/>\n12 Rue Marie Curie,\u00a010010 Troyes<br \/>\n<span class=\"smallcap \">T +33\u00a03 25 71 76 00 &#8211;\u00a0F +33 3 25 71 76 76<\/span><\/p>\n","protected":false},"excerpt":{"rendered":"<p>Research, training and the transmission of technology are three missions of the Universit\u00e9 Technologique de Troyes (). Together with the Universit\u00e9s de Technologie de Compi\u00e8gne () and Belfort-Montb\u00e9liard (), the forms the network of French Universities of Technology. This model of training for engineers is fuelled by scientific research, linked to the industrial world and &hellip; <a href=\"https:\/\/chaire-idis.fr\/en\/utt\/\" class=\"more-link\">Continue reading <span class=\"screen-reader-text\">UTT<\/span> <span class=\"meta-nav\">&rarr;<\/span><\/a><\/p>\n","protected":false},"author":2,"featured_media":6535,"parent":0,"menu_order":0,"comment_status":"closed","ping_status":"closed","template":"popup-ecosysteme.php","meta":{"_acf_changed":false,"footnotes":""},"class_list":["post-6588","page","type-page","status-publish","has-post-thumbnail","hentry"],"acf":[],"_links":{"self":[{"href":"https:\/\/chaire-idis.fr\/en\/wp-json\/wp\/v2\/pages\/6588","targetHints":{"allow":["GET"]}}],"collection":[{"href":"https:\/\/chaire-idis.fr\/en\/wp-json\/wp\/v2\/pages"}],"about":[{"href":"https:\/\/chaire-idis.fr\/en\/wp-json\/wp\/v2\/types\/page"}],"author":[{"embeddable":true,"href":"https:\/\/chaire-idis.fr\/en\/wp-json\/wp\/v2\/users\/2"}],"replies":[{"embeddable":true,"href":"https:\/\/chaire-idis.fr\/en\/wp-json\/wp\/v2\/comments?post=6588"}],"version-history":[{"count":4,"href":"https:\/\/chaire-idis.fr\/en\/wp-json\/wp\/v2\/pages\/6588\/revisions"}],"predecessor-version":[{"id":6604,"href":"https:\/\/chaire-idis.fr\/en\/wp-json\/wp\/v2\/pages\/6588\/revisions\/6604"}],"wp:featuredmedia":[{"embeddable":true,"href":"https:\/\/chaire-idis.fr\/en\/wp-json\/wp\/v2\/media\/6535"}],"wp:attachment":[{"href":"https:\/\/chaire-idis.fr\/en\/wp-json\/wp\/v2\/media?parent=6588"}],"curies":[{"name":"wp","href":"https:\/\/api.w.org\/{rel}","templated":true}]}}